{"id":40,"date":"2018-12-21T13:07:43","date_gmt":"2018-12-21T12:07:43","guid":{"rendered":"https:\/\/download.mindline.app\/?page_id=40"},"modified":"2019-04-01T12:17:46","modified_gmt":"2019-04-01T10:17:46","slug":"nutzungsbedingungen-mindline-app","status":"publish","type":"page","link":"https:\/\/download.mindline.app\/index.php\/nutzungsbedingungen-mindline-app\/","title":{"rendered":"nutzungsbedingungen.mindline.app"},"content":{"rendered":"\n<figure class=\"wp-block-image\"><img loading=\"lazy\" decoding=\"async\" width=\"455\" height=\"63\" src=\"https:\/\/download.mindline.app\/wp-content\/uploads\/2018\/12\/Mindline_Energy_Logo.png\" alt=\"\" class=\"wp-image-50\"\/><\/figure>\n\n\n\n<p><strong>Nutzungsbedingungen f\u00fcr die \u201emindkom-App\u201c<\/strong><\/p>\n\n\n\n<p>Die\nmindline energy GmbH stellt ihren Auftraggebern (verschiedenen Unternehmen)\neine mobile Applikation zur Verf\u00fcgung, \u00fcber die der Aufraggeber mit relevanten\nZielgruppen kommunizieren kann. Dazu m\u00fcssen die Nutzer (z.B. Kunden,\nInteressenten oder Mitarbeiter des Auftraggebers als Einzelpersonen) eine App\nauf ihr mobiles Endger\u00e4t herunterladen. Die folgenden Bestimmungen regeln die\nNutzung dieser \u201emindkom-App\u201c.<\/p>\n\n\n\n<p><strong>1. Allgemeines<\/strong><\/p>\n\n\n\n<p>1.1\nDie Nutzung der \u201emindkom-App\u201c setzt die Zustimmung zu diesen Nutzungsbedingungen\nwie auch zur Datenschutzrichtlinie (https:\/\/datenschutz.mindline.app) f\u00fcr die\nNutzung der \u201emindkom-App\u201c voraus.<\/p>\n\n\n\n<p>1.2\nDer Nutzungsvertrag wie auch die daraus erwachsenden Rechte der Nutzer sind\nohne Zustimmung von der mindline energy GmbH nicht auf Dritte \u00fcbertragbar.<\/p>\n\n\n\n<p><strong>2.\nLeistungsbeschreibung<\/strong><\/p>\n\n\n\n<p>2.1\nDie mindline energy GmbH r\u00e4umt den Nutzern das Recht ein, die \u201emindkom-App\u201c f\u00fcr\neigene Zwecke zu benutzen.<\/p>\n\n\n\n<p>2.2\nNutzer haben \u00fcber die \u201emindkom-App\u201c die M\u00f6glichkeit, sich \u00fcber Neuigkeiten zum\nUnternehmen zu informierten und an Umfragen teilzunehmen, die das Unternehmen\nbereitstellt. Unter \u201eaktuelle Infos\u201c werden allen oder ausgew\u00e4hlten Nutzern Informationen\nbereitgestellt, die f\u00fcr die Nutzer interessant sein k\u00f6nnen, z.B. Informationen\nzur Unternehmensstrategie, zu aktuellen Ereignissen oder Marktentwicklungen.\nUnter \u201eKurzumfragen\u201c k\u00f6nnen die eingeladenen Nutzer ihre Meinung zu aktuellen\nFragestellungen \u00e4u\u00dfern, hierbei handelt es sich immer nur um eine einzige\nFrage. Nach der Abstimmung k\u00f6nnen die Nutzer den aktuellen Stand des\nMeinungsbildes unter allen Teilnehmern einsehen, sofern sich mindestens f\u00fcnf\nPersonen an der Umfrage beteiligt haben. \u201eMitarbeiter-Radar\u201c sind\numfangreichere Mitarbeiterbefragungen, deren Ergebnisse nicht in der App\nsichtbar sind. Diese werden im Nachgang von mindline energy ausgewertet.\nR\u00fcckschl\u00fcsse auf einzelne Mitarbeiter sind nicht m\u00f6glich, die Auswertungen der\nBefragungen erfolgen ausnahmslos in anonymisierter Form. In vielen Bereichen\nder App k\u00f6nnen Nutzer Kommentare zu den eingestellten Inhalten abgeben. W\u00e4hrend\nalle anderen Aktivit\u00e4ten der Nutzer in der App anonym bleiben, sind Kommentare\nimmer mit dem Namen des Kommentierenden versehen. Die Funktion \u201eTerminumfragen\u201c\nerm\u00f6glicht es, Terminabstimmungen im Unternehmen durchzuf\u00fchren, auch hier ist\nder Name der Teilnehmer sichtbar.<\/p>\n\n\n\n<p>2.3\nDie Nutzung der \u201emindkom-App\u201c unterliegt den Vertragsbestimmungen zwischen der\nmindline energy GmbH und dem Auftraggeber. Soweit anderweitige Diensteanbieter\neinen Download der App f\u00fcr iOS- bzw. Android-Ger\u00e4te erm\u00f6glichen (Apple\u00ae App\nStore bzw. Google\u00ae Play Store), werden diese nicht Vertragspartner der Nutzer;\nvielmehr ist es ausschlie\u00dflich die mindline energy GmbH, die den Nutzern das\nRecht gew\u00e4hrt, die \u201emindkom-App\u201c auf einem mobilen Endger\u00e4t zu nutzen, das den\nNutzern geh\u00f6rt oder zu dessen Bedienung die Nutzer berechtigt sind.<\/p>\n\n\n\n<p>2.4\nF\u00fcr die Inhalte (unter anderem auch Texte, Bilder, Grafiken, Verlinkungen auf\nWebsites), welche der Auftraggeber \u00fcber die \u201emindkom-App\u201c zug\u00e4nglich macht oder\nverbreitet, ist der Auftraggeber verantwortlich. Die vom Auftraggeber mittels\nder \u201emindkom-App\u201c ver\u00f6ffentlichten Bilder und ihre sonstigen Inhalte stellen\nnicht die Meinung der mindline energy GmbH dar und werden von der mindline\nenergy GmbH grunds\u00e4tzlich nicht auf Vollst\u00e4ndigkeit, Richtigkeit und\nRechtm\u00e4\u00dfigkeit \u00fcberpr\u00fcft. <\/p>\n\n\n\n<p><strong>3. Nutzerpflichten<\/strong><\/p>\n\n\n\n<p>3.1\nDie Nutzer werden die Verwendbarkeit und Kompatibilit\u00e4t von Hard-\/Software\npr\u00fcfen, bevor sie die App installieren. Funktionsbeeintr\u00e4chtigungen, die aus\nder von den Nutzern zur Verf\u00fcgung gestellten Hard-\/Softwareumgebung, einer\nFehlbedienung durch die Nutzer, externen schadhaften Daten bzw. St\u00f6rungen von\nRechnernetzen oder sonstigen aus dem Risikobereich des Nutzers stammenden\nGr\u00fcnden resultieren, stellen keine Fehler der App dar.<\/p>\n\n\n\n<p>3.2\nNutzern ist es \u2013 mit Ausnahme der gesetzlich zugelassenen F\u00e4lle \u2013 nicht\ngestattet, die \u201emindkom-App\u201c weiter zu vertreiben oder zu vermieten, zu\nverpachten oder zu lizensieren, zu adaptieren, zu modifizieren, zu\ndekompilieren, zu disassemblieren oder auf andere Weise zu versuchen, aus der\nApp den Quellcode abzuleiten. Wird das mobile Endger\u00e4t, auf dem die \u201emindkom-App\u201c\ninstalliert ist, an Dritte ver\u00e4u\u00dfert, muss die App zuvor entfernt werden.<\/p>\n\n\n\n<p>3.3\nNutzer haben die im Zusammenhang mit der freiwilligen Registrierung f\u00fcr die \u201emindkom-App\u201c\nben\u00f6tigten Zugangsdaten (Nutzer-ID, Einmal-Passwort, PIN) geheim zu halten und\nden Zugang zur \u201emindkom-App\u201c sorgf\u00e4ltig zu sichern; die Zugangsdaten d\u00fcrfen\nDritten nicht mitgeteilt werden. Sollte es f\u00fcr Nutzer Anhaltspunkte geben, dass\nein Dritter Kenntnis von den Zugangsdaten hat oder der Zugang zur \u201emindkom-App\u201c\nvon Dritten missbraucht wurde, ist die mindline energy GmbH unverz\u00fcglich zu\ninformieren.<\/p>\n\n\n\n<p>3.4\nEs ist Nutzern untersagt, in die \u201emindkom-App\u201c auf missbr\u00e4uchliche Art und\nWeise einzugreifen oder in anderer Weise als \u00fcber die von der mindline energy\nGmbH bereitgestellten Benutzeroberfl\u00e4chen und gem\u00e4\u00df diesen Nutzungsbedingungen\nauf die \u201emindkom-App\u201c zuzugreifen. Missbr\u00e4uchliche Eingriffe in die \u201emindkom-App\u201c\nsind verboten \u2013 insbesondere elektronische Angriffe auf die \u201emindkom-App\u201c sind\nverboten; als solche elektronischen Angriffe gelten unter anderem auch:<\/p>\n\n\n\n<p>Sogenannte\nHacking-Versuche, um die Sicherheitsmechanismen der \u201emindkom-App\u201c zu\n\u00fcberwinden, zu umgehen oder auf sonstige Art au\u00dfer Kraft zu setzen, das\nAnwenden und\/oder Verbreiten von Viren, W\u00fcrmern, Trojanern, Brute-Force-Attacken\nund\/oder sonstige Ma\u00dfnahmen oder Verfahren, die st\u00f6rend in die \u201emindkom-App\u201c\neinschlie\u00dflich s\u00e4mtlicher zu deren Betrieb eingesetzter Hard-\/Software\neingreifen und\/oder die mindline energy GmbH sch\u00e4digen k\u00f6nnen.<\/p>\n\n\n\n<p><strong>4. Sanktionen und\nsonstige Folgen<\/strong><\/p>\n\n\n\n<p>Die\nEinhaltung dieser Nutzungsbedingungen \u2013 insbesondere der Bestimmungen unter\nZiffer 3 mit den Pflichten der Nutzer \u2013 ist f\u00fcr die Funktionsf\u00e4higkeit der \u201emindkom-App\u201c\nvon erheblicher Bedeutung. <\/p>\n\n\n\n<p>Daher\nwird die mindline energy GmbH Sanktionen gegen Nutzer verh\u00e4ngen, wenn sich\nkonkrete Anhaltspunkte daf\u00fcr ergeben, dass ein Nutzer gegen gesetzliche\nVorschriften, Rechte Dritter, die guten Sitten und\/oder diese\nNutzungsbedingungen verst\u00f6\u00dft. Falls ein Nutzer gesperrt wurde, ist eine weitere\nNutzung der \u201emindkom-App\u201c untersagt. Es ist einem gesperrten Nutzer im \u00dcbrigen\nverboten, sich erneut anzumelden.<\/p>\n\n\n\n<p><strong>5. Datenschutz<\/strong><\/p>\n\n\n\n<p>Die\nErhebung, Verarbeitung und Nutzung von personenbezogenen Daten richten sich\nnach den geltenden Datenschutzvorschriften, den Bestimmungen der\nDatenschutzrichtlinie (https:\/\/datenschutz.mindline.app) f\u00fcr die Nutzung der \u201emindkom-App\u201c\nund den von Nutzern ggfs. erkl\u00e4rten Einwilligungen.<\/p>\n\n\n\n<p><strong>6.\nSchlussbestimmungen<\/strong><\/p>\n\n\n\n<p>Auf\ndie vorliegenden Bestimmungen findet ausschlie\u00dflich das Recht der\nBundesrepublik Deutschland Anwendung. Die Bestimmungen des \u00dcbereinkommens der\nVereinten Nationen \u00fcber Vertr\u00e4ge \u00fcber den internationalen Warenkauf (CISG)\nfinden keine Anwendung.<\/p>\n\n\n\n<p><strong>Dienste-Anbieter und\nverantwortliche Stelle i.S.d. Art. 4 Abs. 7 DSGVO ist:<\/strong><\/p>\n\n\n\n<p>mindline\nenergy GmbH<\/p>\n\n\n\n<p>Nordostpark\n45<\/p>\n\n\n\n<p>90411\nN\u00fcrnberg\/Deutschland<\/p>\n\n\n\n<p>USt-IdNr.:\nDE 253 324 844<\/p>\n\n\n\n<p>Handelsregisternummer:\nHRB 23159<\/p>\n\n\n\n<p>Kontakt\nund Kundendienst:<\/p>\n\n\n\n<p>Tel.:\n+49(0)911 \u2013 956 498 0<\/p>\n\n\n\n<p>Fax:\n+49(0)911 \u2013 961 498 29<\/p>\n\n\n\n<p>E-Mail:\n<a href=\"mailto:info@mindline-energy.de\">info@mindline-energy.de<\/a><\/p>\n\n\n\n<p>Datenschutzbeauftragter:<\/p>\n\n\n\n<p><a href=\"mailto:dsb@mindline-energy.de\">dsb@mindline-energy.de<\/a><\/p>\n\n\n\n<p>Die\nFirma mindline energy GmbH wird vertreten durch den Gesch\u00e4ftsf\u00fchrer: Michael\nBriem<\/p>\n","protected":false},"excerpt":{"rendered":"<p>Nutzungsbedingungen f\u00fcr die \u201emindkom-App\u201c Die mindline energy GmbH stellt ihren Auftraggebern (verschiedenen Unternehmen) eine mobile Applikation zur Verf\u00fcgung, \u00fcber die der Aufraggeber mit relevanten Zielgruppen kommunizieren kann. Dazu m\u00fcssen die Nutzer (z.B. Kunden, Interessenten oder Mitarbeiter des Auftraggebers als Einzelpersonen) eine App auf ihr mobiles Endger\u00e4t herunterladen. Die folgenden Bestimmungen regeln die Nutzung dieser \u201emindkom-App\u201c. &hellip; <\/p>\n<p class=\"link-more\"><a href=\"https:\/\/download.mindline.app\/index.php\/nutzungsbedingungen-mindline-app\/\" class=\"more-link\"><span class=\"screen-reader-text\">\u201enutzungsbedingungen.mindline.app\u201c <\/span>weiterlesen<\/a><\/p>\n","protected":false},"author":1,"featured_media":0,"parent":0,"menu_order":0,"comment_status":"closed","ping_status":"closed","template":"","meta":{"footnotes":""},"class_list":["post-40","page","type-page","status-publish","hentry","entry"],"_links":{"self":[{"href":"https:\/\/download.mindline.app\/index.php\/wp-json\/wp\/v2\/pages\/40","targetHints":{"allow":["GET"]}}],"collection":[{"href":"https:\/\/download.mindline.app\/index.php\/wp-json\/wp\/v2\/pages"}],"about":[{"href":"https:\/\/download.mindline.app\/index.php\/wp-json\/wp\/v2\/types\/page"}],"author":[{"embeddable":true,"href":"https:\/\/download.mindline.app\/index.php\/wp-json\/wp\/v2\/users\/1"}],"replies":[{"embeddable":true,"href":"https:\/\/download.mindline.app\/index.php\/wp-json\/wp\/v2\/comments?post=40"}],"version-history":[{"count":3,"href":"https:\/\/download.mindline.app\/index.php\/wp-json\/wp\/v2\/pages\/40\/revisions"}],"predecessor-version":[{"id":76,"href":"https:\/\/download.mindline.app\/index.php\/wp-json\/wp\/v2\/pages\/40\/revisions\/76"}],"wp:attachment":[{"href":"https:\/\/download.mindline.app\/index.php\/wp-json\/wp\/v2\/media?parent=40"}],"curies":[{"name":"wp","href":"https:\/\/api.w.org\/{rel}","templated":true}]}}