{"id":43,"date":"2018-12-21T13:09:03","date_gmt":"2018-12-21T12:09:03","guid":{"rendered":"https:\/\/download.mindline.app\/?page_id=43"},"modified":"2019-04-01T12:19:02","modified_gmt":"2019-04-01T10:19:02","slug":"datenschutz-mindline-app","status":"publish","type":"page","link":"https:\/\/download.mindline.app\/index.php\/datenschutz-mindline-app\/","title":{"rendered":"datenschutz.mindline.app"},"content":{"rendered":"\n<figure class=\"wp-block-image\"><img loading=\"lazy\" decoding=\"async\" width=\"455\" height=\"63\" src=\"https:\/\/download.mindline.app\/wp-content\/uploads\/2018\/12\/Mindline_Energy_Logo.png\" alt=\"\" class=\"wp-image-50\"\/><\/figure>\n\n\n\n<p><strong>Datenschutzrichtlinie f\u00fcr die Nutzer der \u201emindkom-App\u201c<\/strong><\/p>\n\n\n\n<p>Die\nmindline energy GmbH informiert die Nutzer der mobilen Applikation \u201emindkom-App\u201c\nnach den Vorgaben der datenschutzrechtlichen Vorschriften \u2013 unter anderem auch\nder Verordnung (EU) 2016\/679 (Datenschutz-Grundverordnung [DSGVO]), sonstiger\nin den Mitgliedstaaten der Europ\u00e4ischen Union (EU) geltenden Datenschutzgesetze\nund anderer Bestimmungen mit datenschutzrechtlichem Charakter.<\/p>\n\n\n\n<p><strong>1.<\/strong><\/p>\n\n\n\n<p>Die\nmindline energy GmbH stellt ihren Auftraggebern (i.d.R. Unternehmen) eine\nmobile Applikation zur Verf\u00fcgung, welche Nutzer (z.B. Kunden, Interessenten\noder Mitarbeiter des Auftraggebers als Einzelpersonen) auf ihr mobiles Endger\u00e4t\nherunterladen k\u00f6nnen. Dabei stehen den Nutzern die in dieser\nDatenschutzrichtlinie angef\u00fchrten Rechte zu. Dar\u00fcber hinaus werden nach Ma\u00dfgabe\nder folgenden Bestimmungen aber auch weitere Daten erhoben und verarbeitet.<\/p>\n\n\n\n<p>Beim\nHerunterladen der App werden die daf\u00fcr notwendigen Informationen (also\nNutzername, eMail-Adresse und Kundennummer des Accounts, Zeitpunkt des\nDownloads und individuelle Ger\u00e4tekennziffer) an den jeweiligen App Store (Apple\n\u00ae App Store bzw. Google \u00ae Play Store) \u00fcbertragen. Auf diese Datenerhebung hat die\nmindline energy GmbH keinen Einfluss und ist nicht daf\u00fcr verantwortlich.<\/p>\n\n\n\n<p>Die\nNutzung der heruntergeladenen und installierten Apps der mindline energy GmbH erfordert\neinen Zugriff auf das Internet.<\/p>\n\n\n\n<p>Vom\nAuftraggeber werden der mindline energy GmbH im Zusammenhang mit der\nfreiwilligen Registrierung f\u00fcr die \u201emindkom-App\u201c die Kontaktdaten der Nutzer\n\u00fcbermittelt. Diese enthalten den Namen, Kennnummer, Anschrift und\nUnternehmenseinheit. Diese Informationen werden von der mindline energy GmbH f\u00fcr\ndie Registrierung und Installation der App gespeichert.<\/p>\n\n\n\n<p>Die\nRechtsgrundlage der Verarbeitung ist die Einwilligung des App-Nutzers (Art. 6\nAbs. 1 lit. a DSGVO). Die Einwilligung kann jederzeit ohne Angabe von Gr\u00fcnden\nmit Wirkung f\u00fcr die Zukunft widerrufen werden. Durch den Widerruf der\nEinwilligung wird die Rechtm\u00e4\u00dfigkeit der aufgrund der Einwilligung bis zum\nWiderruf erfolgten Verarbeitung nicht ber\u00fchrt.<\/p>\n\n\n\n<p>Die\nNutzung der \u201emindkom-App\u201c ist grunds\u00e4tzlich anonym. Der Auftraggeber erlangt\nkeine Kenntnis davon, welche Antworten die Nutzer im Rahmen von Umfragen geben.\nOb ein Nutzer die App installiert hat und verwendet erf\u00e4hrt der Auftraggeber\nnur, wenn der Nutzer selbst entscheidet, seine Anonymit\u00e4t aufzuheben, z.B.\nindem er die Kommentarfunktion der App nutzt (s.u.)<\/p>\n\n\n\n<p>Eine\nVerkn\u00fcpfung von Befragungsdaten und personenbezogenen Daten ist nicht m\u00f6glich.\nEine Auswertung auf Basis der Unternehmenseinheit ist erst m\u00f6glich, wenn\nmindestens f\u00fcnf Personen aus einer Unternehmenseinheit teilnehmen. Dies\ngeschieht zum Schutz der Befragten, R\u00fcckschl\u00fcsse auf einzelne Personen sind so\nauszuschlie\u00dfen.<\/p>\n\n\n\n<p>Alle\npersonenbezogenen Daten werden ausschlie\u00dflich auf Servern der mindline energy\nGmbH gespeichert und sind dem Auftraggeber nicht zug\u00e4nglich. Einzig im Rahmen\nder Kommentarfunktion sowie bei (optionalen) Terminumfragen wird die Anonymit\u00e4t\nder Nutzer nach vorherigem Hinweis bei erstmaliger Nutzung der Funktionen\naufgehoben. Die Nutzung der Funktionen ist freiwillig und nicht erforderlich,\num von den Vorteilen der App zu profitieren.<\/p>\n\n\n\n<p>Die\n\u201emindkom-App\u201c kann Push-Mitteilungen verwenden, um Nachrichten \u00fcber neue\nInhalte in der App direkt auf das vom Nutzer verwendete mobile Endger\u00e4t zu\nsenden. Diese Funktion kann vom Nutzer deaktiviert werden. Falls sich der\nNutzer daf\u00fcr entscheidet, diese Funktionen nicht zu aktivieren oder sie zu einem\nsp\u00e4teren Zeitpunkt deaktiviert, ist die Funktionalit\u00e4t der App eingeschr\u00e4nkt \u2013\nd.h. nicht alle Funktionen der App sind (mehr) verf\u00fcgbar oder diese\nfunktionieren nicht so, wie vorgesehen. Die Zustimmung kann jederzeit \u00fcber die\nEinstellungen auf dem mobilen Endger\u00e4t erteilt oder widerrufen werden.<\/p>\n\n\n\n<p><strong>2.<\/strong><\/p>\n\n\n\n<p>mindline\nenergy GmbH unterh\u00e4lt technische Ma\u00dfnahmen zur Gew\u00e4hrleistung der\nDatensicherheit, vor allem zum Schutz der personenbezogenen Daten der Nutzer\nvor Gefahren bei Daten\u00fcbertragungen sowie vor Kenntniserlangung durch Dritte.<\/p>\n\n\n\n<p>Bei\nder \u00dcbertragung von Daten an mindline energy GmbH erfolgt derzeit eine\nVerschl\u00fcsselung der Daten durch Transport Layer Security (TLS 1.2).<\/p>\n\n\n\n<p>mindline\nenergy GmbH sichert die App und die sonstigen Systeme zudem durch technische\nund organisatorische Ma\u00dfnahmen gegen den Verlust, die Zerst\u00f6rung, den Zugriff,\ndie Ver\u00e4nderung oder die Verbreitung der Daten durch unbefugte Personen.<\/p>\n\n\n\n<p>Registrierte\nNutzer haben die f\u00fcr den Login ben\u00f6tigten Zugangsdaten (Nutzer-ID,\nEinmal-Passwort, PIN) geheim zu halten und den Zugang zur App sorgf\u00e4ltig zu\nsichern; die Zugangsdaten d\u00fcrfen Dritten nicht mitgeteilt werden. Es ist\nNutzern untersagt, Dritten die Nutzung der \u201emindkom-App\u201c mit fremden Daten zu\nerm\u00f6glichen. Sollte es f\u00fcr Nutzer Anhaltspunkte geben, dass ein Dritter\nKenntnis von den Zugangsdaten hat oder der Zugang zu den Diensten der mindline\nenergy von Dritten missbraucht wurde, ist die mindline energy GmbH unverz\u00fcglich\nzu informieren.<\/p>\n\n\n\n<p><strong>3.<\/strong><\/p>\n\n\n\n<p>Die\nmindline energy GmbH verarbeitet und speichert personenbezogene Daten von\nNutzern nur solange, wie dies zur Erreichung des Speicherungszwecks\nerforderlich ist oder dies durch datenschutzrechtliche Vorschriften, denen mindline\nenergy GmbH unterliegt, vorgeschrieben ist. Sobald der Speicherungszweck\nentf\u00e4llt bzw. eine vorgeschriebene Speicherfrist abl\u00e4uft, werden die Daten\nroutinem\u00e4\u00dfig gesperrt oder gel\u00f6scht.<\/p>\n\n\n\n<p><strong>4.<\/strong><\/p>\n\n\n\n<p>Nutzer\nhaben gegen\u00fcber der mindline energy GmbH folgende Rechte hinsichtlich der sie\nbetreffenden personenbezogenen Daten:<\/p>\n\n\n\n<p><strong>Recht auf Auskunft<\/strong> (Art. 15 DSGVO): Die Nutzer\nk\u00f6nnen von mindline energy jederzeit Informationen \u00fcber Ihre Daten, die \u00fcber\nsie gehalten werden, verlangen. Diese Auskunft betrifft unter anderem die von\nmindline energy verarbeiteten Datenkategorien, f\u00fcr welche Zwecke diese\nverarbeitet werden, die Herkunft der Daten, falls diese nicht direkt von den\nNutzern erhoben wurden und gegebenenfalls die Empf\u00e4nger, an die mindline energy\ndie Daten \u00fcbermittelt hat. Die Nutzer k\u00f6nnen von mindline energy eine\nkostenlose Kopie ihrer Daten erhalten. Sollten die Nutzer Interesse an weiteren\nKopien haben, beh\u00e4lt mindline energy sich das Recht vor, die weiteren Kopien in\nRechnung zu stellen.<\/p>\n\n\n\n<p><strong>Recht auf\nBerichtigung<\/strong>\n(Art. 16 DSGVO): Die Nutzer k\u00f6nnen von mindline energy die Berichtigung ihrer\nDaten fordern. mindline energy wird angemessene Ma\u00dfnahmen unternehmen, um die\nDaten, die \u00fcber Sie gehalten und laufend verarbeitet werden, richtig,\nvollst\u00e4ndig und aktuell zu halten, basierend auf den aktuellsten zur Verf\u00fcgung\nstehenden Informationen.<\/p>\n\n\n\n<p><strong>Recht auf L\u00f6schung<\/strong> (Art. 17 DSGVO): Die Nutzer\nk\u00f6nnen von mindline energy die L\u00f6schung ihrer Daten verlangen, sofern hierf\u00fcr\ndie rechtlichen Voraussetzungen vorliegen. Dies kann gem\u00e4\u00df Art. 17 DSGVO etwa\ndann der Fall sein, wenn:<\/p>\n\n\n\n<ul class=\"wp-block-list\"><li>die Daten f\u00fcr die Zwecke, f\u00fcr die\nsie erhoben oder auf sonstige Weise verarbeitet wurden, nicht l\u00e4nger\nerforderlich sind;<\/li><li>die Nutzer ihre Einwilligung, die\nGrundlage der Datenverarbeitung ist, widerrufen und es an einer anderweitigen\nRechtsgrundlage f\u00fcr die Verarbeitung fehlt;<\/li><li>die Nutzer Widerspruch gegen die Verarbeitung\nihrer Daten einlegen und keine vorrangigen berechtigten Gr\u00fcnde f\u00fcr die\nVerarbeitung vorliegen, oder die Nutzer gegen die Datenverarbeitung zu Zwecken\nder Direktwerbung widersprechen;<\/li><li>die Daten unrechtm\u00e4\u00dfig verarbeitet\nwurden;<\/li><li>die Verarbeitung nicht notwendig\nist, um die Einhaltung einer gesetzlichen Verpflichtung, die von mindline\nenergy die Verarbeitung der Daten erfordert, sicherzustellen; insbesondere im\nHinblick auf gesetzliche Aufbewahrungsfristen; um Rechtsanspr\u00fcche geltend zu\nmachen, auszu\u00fcben oder zu verteidigen.<\/li><\/ul>\n\n\n\n<p><strong>Recht auf\nEinschr\u00e4nkung der Verarbeitung<\/strong>\n(Art. 18 DSGVO): Die Nutzer k\u00f6nnen von mindline energy die Einschr\u00e4nkung der\nVerarbeitung ihrer Daten verlangen, falls:<\/p>\n\n\n\n<ul class=\"wp-block-list\"><li>die Nutzer die Richtigkeit der\nDaten bestreiten und zwar f\u00fcr den Zeitraum, den mindline energy ben\u00f6tigt, um\ndie Richtigkeit der Daten zu \u00fcberpr\u00fcfen;<\/li><li>die Verarbeitung unrechtm\u00e4\u00dfig ist\nund die Nutzer die L\u00f6schung ihrer Daten ablehnen und stattdessen die\nEinschr\u00e4nkung der Nutzung verlangen;<\/li><li>mindline energy die Daten nicht l\u00e4nger\nben\u00f6tigt, der Nutzer diese aber ben\u00f6tigt, um Rechtsanspr\u00fcche geltend zu machen,\nauszu\u00fcben oder zu verteidigen;<\/li><li>die Nutzer Widerspruch gegen die\nVerarbeitung eingelegt haben, solange noch nicht feststeht, ob die berechtigten\nGr\u00fcnde von mindline energy die der Nutzer \u00fcberwiegen.<\/li><\/ul>\n\n\n\n<p><strong>Recht auf\nDaten\u00fcbertragbarkeit<\/strong>\n(Art. 20 DSGVO): Auf Nutzer-Antrag hin wird mindline energy Daten \u2013 soweit dies\ntechnisch m\u00f6glich ist \u2013 an einen anderen Verantwortlichen \u00fcbertragen. Dieses\nRecht steht den Nutzern allerdings nur zu, sofern die Datenverarbeitung auf ihrer\nEinwilligung beruht oder erforderlich ist, um einen Vertrag durchzuf\u00fchren. Anstatt\neine Kopie der Daten zu erhalten, k\u00f6nnen die Nutzer mindline energy auch\nbitten, die Daten direkt an einen anderen, vom Nutzer konkretisierten\nVerantwortlichen zu \u00fcbermitteln.<\/p>\n\n\n\n<p><strong>Recht auf\nWiderspruch<\/strong> (Art.\n21 DSGVO): Die Nutzer k\u00f6nnen der Verarbeitung ihrer Daten aus Gr\u00fcnden jederzeit\nwidersprechen, die sich aus ihrer besonderen Situation ergeben, sofern die\nDatenverarbeitung auf ihrer Einwilligung oder auf berechtigten Interessen von\nmindline energy oder denen eines Dritten beruht. In diesem Fall wird mindline energy\ndie Daten nicht l\u00e4nger verarbeiten. Letzteres gilt nicht, sofern mindline\nenergy zwingende schutzw\u00fcrdige Gr\u00fcnde f\u00fcr die Verarbeitung nachweisen kann, die\nNutzer-Interessen \u00fcberwiegen oder mindline energy die Daten zur Geltendmachung,\nAus\u00fcbung oder Verteidigung von Rechtsanspr\u00fcchen ben\u00f6tigt.<\/p>\n\n\n\n<p><strong>Beschwerde bei\nAufsichtsbeh\u00f6rden<\/strong><\/p>\n\n\n\n<p>Die\nmindline energy GmbH nimmt Nutzerbedenken und -rechte sehr ernst. Sollten Nutzer\naber der Ansicht sein, dass mindline energy ihren Beschwerden oder Bedenken\nnicht hinreichend nachgekommen ist, haben die Nutzer das Recht, eine Beschwerde\nbei einer zust\u00e4ndigen Datenschutzbeh\u00f6rde einzureichen.\u2003<\/p>\n\n\n\n<p>Nutzer\nhaben das Recht, sich bei einer zust\u00e4ndigen Datenschutz-Aufsichtsbeh\u00f6rde \u00fcber\ndie Verarbeitung ihrer personenbezogenen Daten zu beschweren (Art. 77 DSGVO).<\/p>\n\n\n\n<p><strong>Dienste-Anbieter und\nverantwortliche Stelle i.S.d. Art. 4 Abs. 7 DSGVO ist:<\/strong><\/p>\n\n\n\n<p>mindline\nenergy GmbH<\/p>\n\n\n\n<p>Nordostpark\n45<\/p>\n\n\n\n<p>90411\nN\u00fcrnberg\/Deutschland<\/p>\n\n\n\n<p>USt-IdNr.:\nDE 253 324 844<\/p>\n\n\n\n<p>Handelsregisternummer:\nHRB 23159<\/p>\n\n\n\n<p>Kontakt\nund Kundendienst:<\/p>\n\n\n\n<p>Tel.:\n+49(0)911 \u2013 956 498 0<\/p>\n\n\n\n<p>Fax:\n+49(0)911 \u2013 961 498 29<\/p>\n\n\n\n<p>E-Mail:\n<a href=\"mailto:info@mindline-energy.de\">info@mindline-energy.de<\/a><\/p>\n\n\n\n<p>Datenschutzbeauftragter:<\/p>\n\n\n\n<p><a href=\"mailto:dsb@mindline-energy.de\">dsb@mindline-energy.de<\/a><\/p>\n\n\n\n<p>Die\nFirma mindline energy GmbH wird vertreten durch den Gesch\u00e4ftsf\u00fchrer: Michael\nBriem<\/p>\n","protected":false},"excerpt":{"rendered":"<p>Datenschutzrichtlinie f\u00fcr die Nutzer der \u201emindkom-App\u201c Die mindline energy GmbH informiert die Nutzer der mobilen Applikation \u201emindkom-App\u201c nach den Vorgaben der datenschutzrechtlichen Vorschriften \u2013 unter anderem auch der Verordnung (EU) 2016\/679 (Datenschutz-Grundverordnung [DSGVO]), sonstiger in den Mitgliedstaaten der Europ\u00e4ischen Union (EU) geltenden Datenschutzgesetze und anderer Bestimmungen mit datenschutzrechtlichem Charakter. 1. Die mindline energy GmbH stellt &hellip; <\/p>\n<p class=\"link-more\"><a href=\"https:\/\/download.mindline.app\/index.php\/datenschutz-mindline-app\/\" class=\"more-link\"><span class=\"screen-reader-text\">\u201edatenschutz.mindline.app\u201c <\/span>weiterlesen<\/a><\/p>\n","protected":false},"author":1,"featured_media":0,"parent":0,"menu_order":0,"comment_status":"closed","ping_status":"closed","template":"","meta":{"footnotes":""},"class_list":["post-43","page","type-page","status-publish","hentry","entry"],"_links":{"self":[{"href":"https:\/\/download.mindline.app\/index.php\/wp-json\/wp\/v2\/pages\/43","targetHints":{"allow":["GET"]}}],"collection":[{"href":"https:\/\/download.mindline.app\/index.php\/wp-json\/wp\/v2\/pages"}],"about":[{"href":"https:\/\/download.mindline.app\/index.php\/wp-json\/wp\/v2\/types\/page"}],"author":[{"embeddable":true,"href":"https:\/\/download.mindline.app\/index.php\/wp-json\/wp\/v2\/users\/1"}],"replies":[{"embeddable":true,"href":"https:\/\/download.mindline.app\/index.php\/wp-json\/wp\/v2\/comments?post=43"}],"version-history":[{"count":3,"href":"https:\/\/download.mindline.app\/index.php\/wp-json\/wp\/v2\/pages\/43\/revisions"}],"predecessor-version":[{"id":77,"href":"https:\/\/download.mindline.app\/index.php\/wp-json\/wp\/v2\/pages\/43\/revisions\/77"}],"wp:attachment":[{"href":"https:\/\/download.mindline.app\/index.php\/wp-json\/wp\/v2\/media?parent=43"}],"curies":[{"name":"wp","href":"https:\/\/api.w.org\/{rel}","templated":true}]}}